{"id":352,"date":"2022-07-08T10:35:17","date_gmt":"2022-07-08T10:35:17","guid":{"rendered":"https:\/\/automotiverevista.pt\/?page_id=352"},"modified":"2022-07-08T10:35:19","modified_gmt":"2022-07-08T10:35:19","slug":"estatuto-editorial","status":"publish","type":"page","link":"https:\/\/automotiverevista.pt\/index.php\/estatuto-editorial\/","title":{"rendered":"Estatuto Editorial"},"content":{"rendered":"\n<p>\u201cA&nbsp;<strong>Revista Automotive<\/strong>&nbsp;\u00e9 uma publica\u00e7\u00e3o impressa de car\u00e1cter nacional com uma periodicidade mensal, que visa oferecer informa\u00e7\u00e3o do sector autom\u00f3vel nacional e internacional. Respeita os direitos e deveres constitucionais da Liberdade de Express\u00e3o e de Informa\u00e7\u00e3o. Compromete-se a respeitar o sigilo das suas fontes de informa\u00e7\u00e3o, quando tal for solicitado; assim como os princ\u00edpios deontol\u00f3gicos e \u00e9ticos indispens\u00e1veis a uma conduta assertiva e honesta.<\/p>\n\n\n\n<p>A&nbsp;<strong>Revista Automotive&nbsp;<\/strong>distingue, criteriosamente, as not\u00edcias do conte\u00fado opinativo, reservando-se o direito de ordenar, interpretar e relacionar os factos e acontecimentos. Os destinat\u00e1rios da revista s\u00e3o todas as pessoas envolvidas e interessadas no sector automotivo: respons\u00e1veis das principais empresas, organismos da administra\u00e7\u00e3o p\u00fablica, associa\u00e7\u00f5es sectoriais e o p\u00fablico em geral que queira saber mais.<\/p>\n\n\n\n<p>A&nbsp;<strong>Revista Automotive<\/strong>&nbsp;pretende promover o di\u00e1logo positivo e prof\u00edcuo, onde todos possam acrescentar valor \u00e0 sua iniciativa e produtividade. Pretende ser um auxiliar no dia-a-dia da vida dos profissionais assim como das empresas e servi\u00e7os.<\/p>\n\n\n\n<p>O p\u00fablico h\u00e1 muito pedia este tipo de resposta, que conjugasse grandes temas com pequenas e r\u00e1pidas solu\u00e7\u00f5es, que aliasse \u00e0 novidade a sua aplica\u00e7\u00e3o pr\u00e1tica, vantagens e desvantagens de forma simples clara, mas bem fundamentada.<\/p>\n\n\n\n<p>Um ve\u00edculo deve ser visto como um todo, em que uma parte s\u00f3 poder\u00e1 ter um desempenho excelente se as demais estiverem aptas para o fazerem. \u00c9 um conjunto completo, que n\u00e3o pode mais ser \u201ccortado \u00e0s postas\u201d ou arranjado aos bocadinhos. Conhecer cada parte \u00e9 relevante, mas a compreens\u00e3o do conjunto permite maior rentabilidade geral e explorar ao m\u00e1ximo todas as potencialidades da m\u00e1quina.<\/p>\n\n\n\n<p>Acreditamos que a melhor forma de zelar pelo patrim\u00f3nio \u00e9 cuidar dele e para bem cuidar \u00e9 importante saber, assim pretendemos atrav\u00e9s do tratamento privilegiado da imagem, do texto, da entrevista e da reportagem, dar-lhe as ferramentas indispens\u00e1veis para isso\u201d.<\/p>\n","protected":false},"excerpt":{"rendered":"<p>\u201cA&nbsp;Revista Automotive&nbsp;\u00e9 uma publica\u00e7\u00e3o impressa de car\u00e1cter nacional com uma periodicidade mensal, que visa oferecer informa\u00e7\u00e3o do sector autom\u00f3vel nacional e internacional. Respeita os direitos e deveres constitucionais da Liberdade de Express\u00e3o e de Informa\u00e7\u00e3o. Compromete-se a respeitar o sigilo das suas fontes de informa\u00e7\u00e3o, quando tal for solicitado; assim como os princ\u00edpios deontol\u00f3gicos e [&hellip;]<\/p>\n","protected":false},"author":1,"featured_media":0,"parent":0,"menu_order":0,"comment_status":"closed","ping_status":"closed","template":"","meta":{"jnews_page_loop":{"enable_page_loop":"0","first_title":"Latest Post","second_title":"","header_type":"heading_6","header_background":"","header_text_color":"","layout":"right-sidebar","sidebar":"default-sidebar","second_sidebar":"default-sidebar","sticky_sidebar":"1","module":"3","boxed":"0","boxed_shadow":"0","box_shadow":"0","excerpt_length":"20","content_date":"default","date_custom":"Y\/m\/d","content_pagination":"nav_1","pagination_align":"center","show_navtext":"0","show_pageinfo":"0","post_offset":"0","posts_per_page":"5","include_post":"","exclude_post":"","include_category":"","exclude_category":"","include_author":"","include_tag":"","exclude_tag":"","sort_by":"latest"},"jnews_single_page":{"layout":"no-sidebar","sidebar":"default-sidebar","second_sidebar":"default-sidebar","sticky_sidebar":"1","show_post_featured":"1","show_post_meta":"0","share_position":"top","share_color":"share-monocrhome"},"footnotes":""},"class_list":["post-352","page","type-page","status-publish","hentry"],"yoast_head":"<!-- This site is optimized with the Yoast SEO Premium plugin v27.5 (Yoast SEO v27.5) - https:\/\/yoast.com\/product\/yoast-seo-premium-wordpress\/ -->\n<title>Estatuto Editorial - Revista Automotive<\/title>\n<meta name=\"robots\" content=\"index, follow, max-snippet:-1, max-image-preview:large, max-video-preview:-1\" \/>\n<link rel=\"canonical\" href=\"https:\/\/automotiverevista.pt\/index.php\/estatuto-editorial\/\" \/>\n<meta property=\"og:locale\" content=\"pt_PT\" \/>\n<meta property=\"og:type\" content=\"article\" \/>\n<meta property=\"og:title\" content=\"Estatuto Editorial\" \/>\n<meta property=\"og:description\" content=\"\u201cA&nbsp;Revista Automotive&nbsp;\u00e9 uma publica\u00e7\u00e3o impressa de car\u00e1cter nacional com uma periodicidade mensal, que visa oferecer informa\u00e7\u00e3o do sector autom\u00f3vel nacional e internacional. Respeita os direitos e deveres constitucionais da Liberdade de Express\u00e3o e de Informa\u00e7\u00e3o. Compromete-se a respeitar o sigilo das suas fontes de informa\u00e7\u00e3o, quando tal for solicitado; assim como os princ\u00edpios deontol\u00f3gicos e [&hellip;]\" \/>\n<meta property=\"og:url\" content=\"https:\/\/automotiverevista.pt\/index.php\/estatuto-editorial\/\" \/>\n<meta property=\"og:site_name\" content=\"Revista Automotive\" \/>\n<meta property=\"article:modified_time\" content=\"2022-07-08T10:35:19+00:00\" \/>\n<meta name=\"twitter:card\" content=\"summary_large_image\" \/>\n<meta name=\"twitter:label1\" content=\"Tempo estimado de leitura\" \/>\n\t<meta name=\"twitter:data1\" content=\"2 minutos\" \/>\n<script type=\"application\/ld+json\" class=\"yoast-schema-graph\">{\"@context\":\"https:\\\/\\\/schema.org\",\"@graph\":[{\"@type\":\"WebPage\",\"@id\":\"https:\\\/\\\/automotiverevista.pt\\\/index.php\\\/estatuto-editorial\\\/\",\"url\":\"https:\\\/\\\/automotiverevista.pt\\\/index.php\\\/estatuto-editorial\\\/\",\"name\":\"Estatuto Editorial - Revista Automotive\",\"isPartOf\":{\"@id\":\"https:\\\/\\\/automotiverevista.pt\\\/#website\"},\"datePublished\":\"2022-07-08T10:35:17+00:00\",\"dateModified\":\"2022-07-08T10:35:19+00:00\",\"breadcrumb\":{\"@id\":\"https:\\\/\\\/automotiverevista.pt\\\/index.php\\\/estatuto-editorial\\\/#breadcrumb\"},\"inLanguage\":\"pt-PT\",\"potentialAction\":[{\"@type\":\"ReadAction\",\"target\":[\"https:\\\/\\\/automotiverevista.pt\\\/index.php\\\/estatuto-editorial\\\/\"]}]},{\"@type\":\"BreadcrumbList\",\"@id\":\"https:\\\/\\\/automotiverevista.pt\\\/index.php\\\/estatuto-editorial\\\/#breadcrumb\",\"itemListElement\":[{\"@type\":\"ListItem\",\"position\":1,\"name\":\"Home\",\"item\":\"https:\\\/\\\/automotiverevista.pt\\\/\"},{\"@type\":\"ListItem\",\"position\":2,\"name\":\"Estatuto Editorial\"}]},{\"@type\":\"WebSite\",\"@id\":\"https:\\\/\\\/automotiverevista.pt\\\/#website\",\"url\":\"https:\\\/\\\/automotiverevista.pt\\\/\",\"name\":\"Revista Automotive\",\"description\":\"Revista Automotive Portugal\",\"publisher\":{\"@id\":\"https:\\\/\\\/automotiverevista.pt\\\/#organization\"},\"potentialAction\":[{\"@type\":\"SearchAction\",\"target\":{\"@type\":\"EntryPoint\",\"urlTemplate\":\"https:\\\/\\\/automotiverevista.pt\\\/?s={search_term_string}\"},\"query-input\":{\"@type\":\"PropertyValueSpecification\",\"valueRequired\":true,\"valueName\":\"search_term_string\"}}],\"inLanguage\":\"pt-PT\"},{\"@type\":\"Organization\",\"@id\":\"https:\\\/\\\/automotiverevista.pt\\\/#organization\",\"name\":\"Revista Automotive Portugal\",\"url\":\"https:\\\/\\\/automotiverevista.pt\\\/\",\"logo\":{\"@type\":\"ImageObject\",\"inLanguage\":\"pt-PT\",\"@id\":\"https:\\\/\\\/automotiverevista.pt\\\/#\\\/schema\\\/logo\\\/image\\\/\",\"url\":\"https:\\\/\\\/automotiverevista.pt\\\/wp-content\\\/uploads\\\/2022\\\/07\\\/Logo-Automotive-2021_500-1.jpg\",\"contentUrl\":\"https:\\\/\\\/automotiverevista.pt\\\/wp-content\\\/uploads\\\/2022\\\/07\\\/Logo-Automotive-2021_500-1.jpg\",\"width\":500,\"height\":160,\"caption\":\"Revista Automotive Portugal\"},\"image\":{\"@id\":\"https:\\\/\\\/automotiverevista.pt\\\/#\\\/schema\\\/logo\\\/image\\\/\"},\"sameAs\":[\"https:\\\/\\\/linkedin.com\\\/in\\\/automotiverevista\"]}]}<\/script>\n<!-- \/ Yoast SEO Premium plugin. -->","yoast_head_json":{"title":"Estatuto Editorial - Revista Automotive","robots":{"index":"index","follow":"follow","max-snippet":"max-snippet:-1","max-image-preview":"max-image-preview:large","max-video-preview":"max-video-preview:-1"},"canonical":"https:\/\/automotiverevista.pt\/index.php\/estatuto-editorial\/","og_locale":"pt_PT","og_type":"article","og_title":"Estatuto Editorial","og_description":"\u201cA&nbsp;Revista Automotive&nbsp;\u00e9 uma publica\u00e7\u00e3o impressa de car\u00e1cter nacional com uma periodicidade mensal, que visa oferecer informa\u00e7\u00e3o do sector autom\u00f3vel nacional e internacional. Respeita os direitos e deveres constitucionais da Liberdade de Express\u00e3o e de Informa\u00e7\u00e3o. Compromete-se a respeitar o sigilo das suas fontes de informa\u00e7\u00e3o, quando tal for solicitado; assim como os princ\u00edpios deontol\u00f3gicos e [&hellip;]","og_url":"https:\/\/automotiverevista.pt\/index.php\/estatuto-editorial\/","og_site_name":"Revista Automotive","article_modified_time":"2022-07-08T10:35:19+00:00","twitter_card":"summary_large_image","twitter_misc":{"Tempo estimado de leitura":"2 minutos"},"schema":{"@context":"https:\/\/schema.org","@graph":[{"@type":"WebPage","@id":"https:\/\/automotiverevista.pt\/index.php\/estatuto-editorial\/","url":"https:\/\/automotiverevista.pt\/index.php\/estatuto-editorial\/","name":"Estatuto Editorial - Revista Automotive","isPartOf":{"@id":"https:\/\/automotiverevista.pt\/#website"},"datePublished":"2022-07-08T10:35:17+00:00","dateModified":"2022-07-08T10:35:19+00:00","breadcrumb":{"@id":"https:\/\/automotiverevista.pt\/index.php\/estatuto-editorial\/#breadcrumb"},"inLanguage":"pt-PT","potentialAction":[{"@type":"ReadAction","target":["https:\/\/automotiverevista.pt\/index.php\/estatuto-editorial\/"]}]},{"@type":"BreadcrumbList","@id":"https:\/\/automotiverevista.pt\/index.php\/estatuto-editorial\/#breadcrumb","itemListElement":[{"@type":"ListItem","position":1,"name":"Home","item":"https:\/\/automotiverevista.pt\/"},{"@type":"ListItem","position":2,"name":"Estatuto Editorial"}]},{"@type":"WebSite","@id":"https:\/\/automotiverevista.pt\/#website","url":"https:\/\/automotiverevista.pt\/","name":"Revista Automotive","description":"Revista Automotive Portugal","publisher":{"@id":"https:\/\/automotiverevista.pt\/#organization"},"potentialAction":[{"@type":"SearchAction","target":{"@type":"EntryPoint","urlTemplate":"https:\/\/automotiverevista.pt\/?s={search_term_string}"},"query-input":{"@type":"PropertyValueSpecification","valueRequired":true,"valueName":"search_term_string"}}],"inLanguage":"pt-PT"},{"@type":"Organization","@id":"https:\/\/automotiverevista.pt\/#organization","name":"Revista Automotive Portugal","url":"https:\/\/automotiverevista.pt\/","logo":{"@type":"ImageObject","inLanguage":"pt-PT","@id":"https:\/\/automotiverevista.pt\/#\/schema\/logo\/image\/","url":"https:\/\/automotiverevista.pt\/wp-content\/uploads\/2022\/07\/Logo-Automotive-2021_500-1.jpg","contentUrl":"https:\/\/automotiverevista.pt\/wp-content\/uploads\/2022\/07\/Logo-Automotive-2021_500-1.jpg","width":500,"height":160,"caption":"Revista Automotive Portugal"},"image":{"@id":"https:\/\/automotiverevista.pt\/#\/schema\/logo\/image\/"},"sameAs":["https:\/\/linkedin.com\/in\/automotiverevista"]}]}},"_links":{"self":[{"href":"https:\/\/automotiverevista.pt\/index.php\/wp-json\/wp\/v2\/pages\/352","targetHints":{"allow":["GET"]}}],"collection":[{"href":"https:\/\/automotiverevista.pt\/index.php\/wp-json\/wp\/v2\/pages"}],"about":[{"href":"https:\/\/automotiverevista.pt\/index.php\/wp-json\/wp\/v2\/types\/page"}],"author":[{"embeddable":true,"href":"https:\/\/automotiverevista.pt\/index.php\/wp-json\/wp\/v2\/users\/1"}],"replies":[{"embeddable":true,"href":"https:\/\/automotiverevista.pt\/index.php\/wp-json\/wp\/v2\/comments?post=352"}],"version-history":[{"count":1,"href":"https:\/\/automotiverevista.pt\/index.php\/wp-json\/wp\/v2\/pages\/352\/revisions"}],"predecessor-version":[{"id":353,"href":"https:\/\/automotiverevista.pt\/index.php\/wp-json\/wp\/v2\/pages\/352\/revisions\/353"}],"wp:attachment":[{"href":"https:\/\/automotiverevista.pt\/index.php\/wp-json\/wp\/v2\/media?parent=352"}],"curies":[{"name":"wp","href":"https:\/\/api.w.org\/{rel}","templated":true}]}}