{"id":355,"date":"2022-07-08T10:41:17","date_gmt":"2022-07-08T10:41:17","guid":{"rendered":"https:\/\/automotiverevista.pt\/?page_id=355"},"modified":"2025-09-01T17:30:09","modified_gmt":"2025-09-01T17:30:09","slug":"cookies-disclaimer","status":"publish","type":"page","link":"https:\/\/automotiverevista.pt\/index.php\/cookies-disclaimer\/","title":{"rendered":"Cookies | Disclaimer"},"content":{"rendered":"\n<p><strong>Cookies<\/strong><\/p>\n\n\n\n<p>Este website (<a href=\"http:\/\/www.automotiverevista.pt\">www.automotiverevista.pt)<\/a><strong> n\u00e3o armazena cookies ou quaisquer outros dados <\/strong>dos utilizadores\/visitantes ou dos seus computadores.<\/p>\n\n\n\n<p>Este website <a href=\"http:\/\/www.automotiverevista.pt\">(www.automotiverevista.pt<\/a>) n\u00e3o recolhe dados para melhorar a sua experi\u00eancia de navega\u00e7\u00e3o e utiliza\u00e7\u00e3o, por exemplo, ajudando-nos a associar o seu equipamento \u00e0s suas prefer\u00eancias ou fornecer-lhe conte\u00fados que entendemos que podem ser do seu interesse.<\/p>\n\n\n\n<p>Esse trabalho de adapta\u00e7\u00e3o de conte\u00fados \u00e9 realizado offline e em contacto com os profissionais do setor Automotive.<\/p>\n\n\n\n<p>Os \u00fanicos dados recolhidos por este website s\u00e3o meramente estat\u00edsticos, para sabermos quantos visitantes este website tem. Esses dados de visitas n\u00e3o cont\u00eam qualquer informa\u00e7\u00e3o que possa identificar os utilizadores\/visitantes, nem os seus computadores, segundo nos assegurou o Google Analytics.<\/p>\n\n\n\n<p>Este website<a href=\"http:\/\/www.automotiverevista.pt\"> (www.automotiverevista.pt)<\/a> <strong>n\u00e3o armazena qualquer informa\u00e7\u00e3o <\/strong>dos visitantes que vise melhorar o desempenho e a experi\u00eancia dos utilizadores.<\/p>\n\n\n\n<p><strong>Disclaimer\/Ressalva<\/strong><\/p>\n\n\n\n<p>As entrevistas, coment\u00e1rios, opini\u00f5es e pontos de vista dos profissionais publicados neste website n\u00e3o representam necessariamente as opini\u00f5es e pontos de vista das empresas para as quais exercem fun\u00e7\u00f5es, nem representam necessariamente as opini\u00f5es e pontos de vista da Revista Automotive.<\/p>\n","protected":false},"excerpt":{"rendered":"<p>Cookies Este website (www.automotiverevista.pt) n\u00e3o armazena cookies ou quaisquer outros dados dos utilizadores\/visitantes ou dos seus computadores. Este website (www.automotiverevista.pt) n\u00e3o recolhe dados para melhorar a sua experi\u00eancia de navega\u00e7\u00e3o e utiliza\u00e7\u00e3o, por exemplo, ajudando-nos a associar o seu equipamento \u00e0s suas prefer\u00eancias ou fornecer-lhe conte\u00fados que entendemos que podem ser do seu interesse. Esse [&hellip;]<\/p>\n","protected":false},"author":1,"featured_media":0,"parent":0,"menu_order":0,"comment_status":"closed","ping_status":"closed","template":"","meta":{"jnews_page_loop":{"enable_page_loop":"0","first_title":"Latest Post","second_title":"","header_type":"heading_6","header_background":"","header_text_color":"","layout":"right-sidebar","sidebar":"default-sidebar","second_sidebar":"default-sidebar","sticky_sidebar":"1","module":"3","boxed":"0","boxed_shadow":"0","box_shadow":"0","excerpt_length":"20","content_date":"default","date_custom":"Y\/m\/d","content_pagination":"nav_1","pagination_align":"center","show_navtext":"0","show_pageinfo":"0","post_offset":"0","posts_per_page":"5","include_post":"","exclude_post":"","include_category":"","exclude_category":"","include_author":"","include_tag":"","exclude_tag":"","sort_by":"latest"},"jnews_single_page":{"layout":"no-sidebar","sidebar":"default-sidebar","second_sidebar":"default-sidebar","sticky_sidebar":"1","show_post_featured":"1","show_post_meta":"0","share_position":"top","share_color":"share-monocrhome"},"footnotes":""},"class_list":["post-355","page","type-page","status-publish","hentry"],"yoast_head":"<!-- This site is optimized with the Yoast SEO Premium plugin v27.5 (Yoast SEO v27.5) - https:\/\/yoast.com\/product\/yoast-seo-premium-wordpress\/ -->\n<title>Cookies | Disclaimer - Revista Automotive<\/title>\n<meta name=\"robots\" content=\"index, follow, max-snippet:-1, max-image-preview:large, max-video-preview:-1\" \/>\n<link rel=\"canonical\" href=\"https:\/\/automotiverevista.pt\/index.php\/cookies-disclaimer\/\" \/>\n<meta property=\"og:locale\" content=\"pt_PT\" \/>\n<meta property=\"og:type\" content=\"article\" \/>\n<meta property=\"og:title\" content=\"Cookies | Disclaimer\" \/>\n<meta property=\"og:description\" content=\"Cookies Este website (www.automotiverevista.pt) n\u00e3o armazena cookies ou quaisquer outros dados dos utilizadores\/visitantes ou dos seus computadores. Este website (www.automotiverevista.pt) n\u00e3o recolhe dados para melhorar a sua experi\u00eancia de navega\u00e7\u00e3o e utiliza\u00e7\u00e3o, por exemplo, ajudando-nos a associar o seu equipamento \u00e0s suas prefer\u00eancias ou fornecer-lhe conte\u00fados que entendemos que podem ser do seu interesse. Esse [&hellip;]\" \/>\n<meta property=\"og:url\" content=\"https:\/\/automotiverevista.pt\/index.php\/cookies-disclaimer\/\" \/>\n<meta property=\"og:site_name\" content=\"Revista Automotive\" \/>\n<meta property=\"article:modified_time\" content=\"2025-09-01T17:30:09+00:00\" \/>\n<meta name=\"twitter:card\" content=\"summary_large_image\" \/>\n<meta name=\"twitter:label1\" content=\"Tempo estimado de leitura\" \/>\n\t<meta name=\"twitter:data1\" content=\"1 minuto\" \/>\n<script type=\"application\/ld+json\" class=\"yoast-schema-graph\">{\"@context\":\"https:\\\/\\\/schema.org\",\"@graph\":[{\"@type\":\"WebPage\",\"@id\":\"https:\\\/\\\/automotiverevista.pt\\\/index.php\\\/cookies-disclaimer\\\/\",\"url\":\"https:\\\/\\\/automotiverevista.pt\\\/index.php\\\/cookies-disclaimer\\\/\",\"name\":\"Cookies | Disclaimer - Revista Automotive\",\"isPartOf\":{\"@id\":\"https:\\\/\\\/automotiverevista.pt\\\/#website\"},\"datePublished\":\"2022-07-08T10:41:17+00:00\",\"dateModified\":\"2025-09-01T17:30:09+00:00\",\"breadcrumb\":{\"@id\":\"https:\\\/\\\/automotiverevista.pt\\\/index.php\\\/cookies-disclaimer\\\/#breadcrumb\"},\"inLanguage\":\"pt-PT\",\"potentialAction\":[{\"@type\":\"ReadAction\",\"target\":[\"https:\\\/\\\/automotiverevista.pt\\\/index.php\\\/cookies-disclaimer\\\/\"]}]},{\"@type\":\"BreadcrumbList\",\"@id\":\"https:\\\/\\\/automotiverevista.pt\\\/index.php\\\/cookies-disclaimer\\\/#breadcrumb\",\"itemListElement\":[{\"@type\":\"ListItem\",\"position\":1,\"name\":\"Home\",\"item\":\"https:\\\/\\\/automotiverevista.pt\\\/\"},{\"@type\":\"ListItem\",\"position\":2,\"name\":\"Cookies | Disclaimer\"}]},{\"@type\":\"WebSite\",\"@id\":\"https:\\\/\\\/automotiverevista.pt\\\/#website\",\"url\":\"https:\\\/\\\/automotiverevista.pt\\\/\",\"name\":\"Revista Automotive\",\"description\":\"Revista Automotive Portugal\",\"publisher\":{\"@id\":\"https:\\\/\\\/automotiverevista.pt\\\/#organization\"},\"potentialAction\":[{\"@type\":\"SearchAction\",\"target\":{\"@type\":\"EntryPoint\",\"urlTemplate\":\"https:\\\/\\\/automotiverevista.pt\\\/?s={search_term_string}\"},\"query-input\":{\"@type\":\"PropertyValueSpecification\",\"valueRequired\":true,\"valueName\":\"search_term_string\"}}],\"inLanguage\":\"pt-PT\"},{\"@type\":\"Organization\",\"@id\":\"https:\\\/\\\/automotiverevista.pt\\\/#organization\",\"name\":\"Revista Automotive Portugal\",\"url\":\"https:\\\/\\\/automotiverevista.pt\\\/\",\"logo\":{\"@type\":\"ImageObject\",\"inLanguage\":\"pt-PT\",\"@id\":\"https:\\\/\\\/automotiverevista.pt\\\/#\\\/schema\\\/logo\\\/image\\\/\",\"url\":\"https:\\\/\\\/automotiverevista.pt\\\/wp-content\\\/uploads\\\/2022\\\/07\\\/Logo-Automotive-2021_500-1.jpg\",\"contentUrl\":\"https:\\\/\\\/automotiverevista.pt\\\/wp-content\\\/uploads\\\/2022\\\/07\\\/Logo-Automotive-2021_500-1.jpg\",\"width\":500,\"height\":160,\"caption\":\"Revista Automotive Portugal\"},\"image\":{\"@id\":\"https:\\\/\\\/automotiverevista.pt\\\/#\\\/schema\\\/logo\\\/image\\\/\"},\"sameAs\":[\"https:\\\/\\\/linkedin.com\\\/in\\\/automotiverevista\"]}]}<\/script>\n<!-- \/ Yoast SEO Premium plugin. -->","yoast_head_json":{"title":"Cookies | Disclaimer - Revista Automotive","robots":{"index":"index","follow":"follow","max-snippet":"max-snippet:-1","max-image-preview":"max-image-preview:large","max-video-preview":"max-video-preview:-1"},"canonical":"https:\/\/automotiverevista.pt\/index.php\/cookies-disclaimer\/","og_locale":"pt_PT","og_type":"article","og_title":"Cookies | Disclaimer","og_description":"Cookies Este website (www.automotiverevista.pt) n\u00e3o armazena cookies ou quaisquer outros dados dos utilizadores\/visitantes ou dos seus computadores. Este website (www.automotiverevista.pt) n\u00e3o recolhe dados para melhorar a sua experi\u00eancia de navega\u00e7\u00e3o e utiliza\u00e7\u00e3o, por exemplo, ajudando-nos a associar o seu equipamento \u00e0s suas prefer\u00eancias ou fornecer-lhe conte\u00fados que entendemos que podem ser do seu interesse. Esse [&hellip;]","og_url":"https:\/\/automotiverevista.pt\/index.php\/cookies-disclaimer\/","og_site_name":"Revista Automotive","article_modified_time":"2025-09-01T17:30:09+00:00","twitter_card":"summary_large_image","twitter_misc":{"Tempo estimado de leitura":"1 minuto"},"schema":{"@context":"https:\/\/schema.org","@graph":[{"@type":"WebPage","@id":"https:\/\/automotiverevista.pt\/index.php\/cookies-disclaimer\/","url":"https:\/\/automotiverevista.pt\/index.php\/cookies-disclaimer\/","name":"Cookies | Disclaimer - Revista Automotive","isPartOf":{"@id":"https:\/\/automotiverevista.pt\/#website"},"datePublished":"2022-07-08T10:41:17+00:00","dateModified":"2025-09-01T17:30:09+00:00","breadcrumb":{"@id":"https:\/\/automotiverevista.pt\/index.php\/cookies-disclaimer\/#breadcrumb"},"inLanguage":"pt-PT","potentialAction":[{"@type":"ReadAction","target":["https:\/\/automotiverevista.pt\/index.php\/cookies-disclaimer\/"]}]},{"@type":"BreadcrumbList","@id":"https:\/\/automotiverevista.pt\/index.php\/cookies-disclaimer\/#breadcrumb","itemListElement":[{"@type":"ListItem","position":1,"name":"Home","item":"https:\/\/automotiverevista.pt\/"},{"@type":"ListItem","position":2,"name":"Cookies | Disclaimer"}]},{"@type":"WebSite","@id":"https:\/\/automotiverevista.pt\/#website","url":"https:\/\/automotiverevista.pt\/","name":"Revista Automotive","description":"Revista Automotive Portugal","publisher":{"@id":"https:\/\/automotiverevista.pt\/#organization"},"potentialAction":[{"@type":"SearchAction","target":{"@type":"EntryPoint","urlTemplate":"https:\/\/automotiverevista.pt\/?s={search_term_string}"},"query-input":{"@type":"PropertyValueSpecification","valueRequired":true,"valueName":"search_term_string"}}],"inLanguage":"pt-PT"},{"@type":"Organization","@id":"https:\/\/automotiverevista.pt\/#organization","name":"Revista Automotive Portugal","url":"https:\/\/automotiverevista.pt\/","logo":{"@type":"ImageObject","inLanguage":"pt-PT","@id":"https:\/\/automotiverevista.pt\/#\/schema\/logo\/image\/","url":"https:\/\/automotiverevista.pt\/wp-content\/uploads\/2022\/07\/Logo-Automotive-2021_500-1.jpg","contentUrl":"https:\/\/automotiverevista.pt\/wp-content\/uploads\/2022\/07\/Logo-Automotive-2021_500-1.jpg","width":500,"height":160,"caption":"Revista Automotive Portugal"},"image":{"@id":"https:\/\/automotiverevista.pt\/#\/schema\/logo\/image\/"},"sameAs":["https:\/\/linkedin.com\/in\/automotiverevista"]}]}},"_links":{"self":[{"href":"https:\/\/automotiverevista.pt\/index.php\/wp-json\/wp\/v2\/pages\/355","targetHints":{"allow":["GET"]}}],"collection":[{"href":"https:\/\/automotiverevista.pt\/index.php\/wp-json\/wp\/v2\/pages"}],"about":[{"href":"https:\/\/automotiverevista.pt\/index.php\/wp-json\/wp\/v2\/types\/page"}],"author":[{"embeddable":true,"href":"https:\/\/automotiverevista.pt\/index.php\/wp-json\/wp\/v2\/users\/1"}],"replies":[{"embeddable":true,"href":"https:\/\/automotiverevista.pt\/index.php\/wp-json\/wp\/v2\/comments?post=355"}],"version-history":[{"count":5,"href":"https:\/\/automotiverevista.pt\/index.php\/wp-json\/wp\/v2\/pages\/355\/revisions"}],"predecessor-version":[{"id":10872,"href":"https:\/\/automotiverevista.pt\/index.php\/wp-json\/wp\/v2\/pages\/355\/revisions\/10872"}],"wp:attachment":[{"href":"https:\/\/automotiverevista.pt\/index.php\/wp-json\/wp\/v2\/media?parent=355"}],"curies":[{"name":"wp","href":"https:\/\/api.w.org\/{rel}","templated":true}]}}