{"id":397,"date":"2022-07-11T17:37:01","date_gmt":"2022-07-11T17:37:01","guid":{"rendered":"https:\/\/automotiverevista.pt\/?page_id=397"},"modified":"2026-02-14T18:59:07","modified_gmt":"2026-02-14T18:59:07","slug":"ficha-tecnica","status":"publish","type":"page","link":"https:\/\/automotiverevista.pt\/index.php\/ficha-tecnica\/","title":{"rendered":"Ficha T\u00e9cnica"},"content":{"rendered":"\n<p><strong>Revista Automotive Portugal<\/strong><\/p>\n\n\n\n<p><strong>Tiragem:<\/strong> 10.000 exemplares | <strong>Pre\u00e7o: <\/strong>3,85\u20ac | <strong>Periodicidade:<\/strong> Mensal<\/p>\n\n\n\n<p><strong>N\u00ba registo na ERC: <\/strong>126335   |    <strong>Dep\u00f3stio Legal: <\/strong>357202\/13    |     <strong>ISSN: <\/strong>2183-2641<\/p>\n\n\n\n<p><strong>Diretor da Revista:<\/strong> Eduardo Gaspar &#8211; egaspar(a)automotivept.com<\/p>\n\n\n\n<p><strong>Diretor Comercial\/Publicidade:<\/strong> Ricardo Miranda &#8211; rmiranda(a)automotivept.com<\/p>\n\n\n\n<p><strong>Morada da Reda\u00e7\u00e3o:<\/strong> Lagoas Park, Edif\u00edcio 7 &#8211; 1\u00ba piso, 2740-244 Porto Salvo &#8211; Oeiras &#8211; Portugal <\/p>\n\n\n\n<p>Telf: +351 (0) 21 441 42 05.<\/p>\n\n\n\n<p><\/p>\n","protected":false},"excerpt":{"rendered":"<p>Revista Automotive Portugal Tiragem: 10.000 exemplares | Pre\u00e7o: 3,85\u20ac | Periodicidade: Mensal N\u00ba registo na ERC: 126335 | Dep\u00f3stio Legal: 357202\/13 | ISSN: 2183-2641 Diretor da Revista: Eduardo Gaspar &#8211; egaspar(a)automotivept.com Diretor Comercial\/Publicidade: Ricardo Miranda &#8211; rmiranda(a)automotivept.com Morada da Reda\u00e7\u00e3o: Lagoas Park, Edif\u00edcio 7 &#8211; 1\u00ba piso, 2740-244 Porto Salvo &#8211; Oeiras &#8211; Portugal Telf: [&hellip;]<\/p>\n","protected":false},"author":1,"featured_media":0,"parent":0,"menu_order":0,"comment_status":"closed","ping_status":"closed","template":"","meta":{"jnews_page_loop":{"enable_page_loop":"0","first_title":"Latest Post","second_title":"","header_type":"heading_6","header_background":"","header_text_color":"","layout":"right-sidebar","sidebar":"default-sidebar","second_sidebar":"default-sidebar","sticky_sidebar":"1","module":"3","boxed":"0","boxed_shadow":"0","box_shadow":"0","excerpt_length":"20","content_date":"default","date_custom":"Y\/m\/d","content_pagination":"nav_1","pagination_align":"center","show_navtext":"0","show_pageinfo":"0","post_offset":"0","posts_per_page":"5","include_post":"","exclude_post":"","include_category":"","exclude_category":"","include_author":"","include_tag":"","exclude_tag":"","sort_by":"latest"},"jnews_single_page":{"layout":"no-sidebar","sidebar":"default-sidebar","second_sidebar":"default-sidebar","sticky_sidebar":"1","show_post_featured":"1","show_post_meta":"0","share_position":"top","share_color":"share-monocrhome"},"footnotes":""},"class_list":["post-397","page","type-page","status-publish","hentry"],"yoast_head":"<!-- This site is optimized with the Yoast SEO Premium plugin v27.5 (Yoast SEO v27.5) - https:\/\/yoast.com\/product\/yoast-seo-premium-wordpress\/ -->\n<title>Ficha T\u00e9cnica - Revista Automotive<\/title>\n<meta name=\"robots\" content=\"index, follow, max-snippet:-1, max-image-preview:large, max-video-preview:-1\" \/>\n<link rel=\"canonical\" href=\"https:\/\/automotiverevista.pt\/index.php\/ficha-tecnica\/\" \/>\n<meta property=\"og:locale\" content=\"pt_PT\" \/>\n<meta property=\"og:type\" content=\"article\" \/>\n<meta property=\"og:title\" content=\"Ficha T\u00e9cnica\" \/>\n<meta property=\"og:description\" content=\"Revista Automotive Portugal Tiragem: 10.000 exemplares | Pre\u00e7o: 3,85\u20ac | Periodicidade: Mensal N\u00ba registo na ERC: 126335 | Dep\u00f3stio Legal: 357202\/13 | ISSN: 2183-2641 Diretor da Revista: Eduardo Gaspar &#8211; egaspar(a)automotivept.com Diretor Comercial\/Publicidade: Ricardo Miranda &#8211; rmiranda(a)automotivept.com Morada da Reda\u00e7\u00e3o: Lagoas Park, Edif\u00edcio 7 &#8211; 1\u00ba piso, 2740-244 Porto Salvo &#8211; Oeiras &#8211; Portugal Telf: [&hellip;]\" \/>\n<meta property=\"og:url\" content=\"https:\/\/automotiverevista.pt\/index.php\/ficha-tecnica\/\" \/>\n<meta property=\"og:site_name\" content=\"Revista Automotive\" \/>\n<meta property=\"article:modified_time\" content=\"2026-02-14T18:59:07+00:00\" \/>\n<meta name=\"twitter:card\" content=\"summary_large_image\" \/>\n<meta name=\"twitter:label1\" content=\"Tempo estimado de leitura\" \/>\n\t<meta name=\"twitter:data1\" content=\"1 minuto\" \/>\n<script type=\"application\/ld+json\" class=\"yoast-schema-graph\">{\"@context\":\"https:\\\/\\\/schema.org\",\"@graph\":[{\"@type\":\"WebPage\",\"@id\":\"https:\\\/\\\/automotiverevista.pt\\\/index.php\\\/ficha-tecnica\\\/\",\"url\":\"https:\\\/\\\/automotiverevista.pt\\\/index.php\\\/ficha-tecnica\\\/\",\"name\":\"Ficha T\u00e9cnica - Revista Automotive\",\"isPartOf\":{\"@id\":\"https:\\\/\\\/automotiverevista.pt\\\/#website\"},\"datePublished\":\"2022-07-11T17:37:01+00:00\",\"dateModified\":\"2026-02-14T18:59:07+00:00\",\"breadcrumb\":{\"@id\":\"https:\\\/\\\/automotiverevista.pt\\\/index.php\\\/ficha-tecnica\\\/#breadcrumb\"},\"inLanguage\":\"pt-PT\",\"potentialAction\":[{\"@type\":\"ReadAction\",\"target\":[\"https:\\\/\\\/automotiverevista.pt\\\/index.php\\\/ficha-tecnica\\\/\"]}]},{\"@type\":\"BreadcrumbList\",\"@id\":\"https:\\\/\\\/automotiverevista.pt\\\/index.php\\\/ficha-tecnica\\\/#breadcrumb\",\"itemListElement\":[{\"@type\":\"ListItem\",\"position\":1,\"name\":\"Home\",\"item\":\"https:\\\/\\\/automotiverevista.pt\\\/\"},{\"@type\":\"ListItem\",\"position\":2,\"name\":\"Ficha T\u00e9cnica\"}]},{\"@type\":\"WebSite\",\"@id\":\"https:\\\/\\\/automotiverevista.pt\\\/#website\",\"url\":\"https:\\\/\\\/automotiverevista.pt\\\/\",\"name\":\"Revista Automotive\",\"description\":\"Revista Automotive Portugal\",\"publisher\":{\"@id\":\"https:\\\/\\\/automotiverevista.pt\\\/#organization\"},\"potentialAction\":[{\"@type\":\"SearchAction\",\"target\":{\"@type\":\"EntryPoint\",\"urlTemplate\":\"https:\\\/\\\/automotiverevista.pt\\\/?s={search_term_string}\"},\"query-input\":{\"@type\":\"PropertyValueSpecification\",\"valueRequired\":true,\"valueName\":\"search_term_string\"}}],\"inLanguage\":\"pt-PT\"},{\"@type\":\"Organization\",\"@id\":\"https:\\\/\\\/automotiverevista.pt\\\/#organization\",\"name\":\"Revista Automotive Portugal\",\"url\":\"https:\\\/\\\/automotiverevista.pt\\\/\",\"logo\":{\"@type\":\"ImageObject\",\"inLanguage\":\"pt-PT\",\"@id\":\"https:\\\/\\\/automotiverevista.pt\\\/#\\\/schema\\\/logo\\\/image\\\/\",\"url\":\"https:\\\/\\\/automotiverevista.pt\\\/wp-content\\\/uploads\\\/2022\\\/07\\\/Logo-Automotive-2021_500-1.jpg\",\"contentUrl\":\"https:\\\/\\\/automotiverevista.pt\\\/wp-content\\\/uploads\\\/2022\\\/07\\\/Logo-Automotive-2021_500-1.jpg\",\"width\":500,\"height\":160,\"caption\":\"Revista Automotive Portugal\"},\"image\":{\"@id\":\"https:\\\/\\\/automotiverevista.pt\\\/#\\\/schema\\\/logo\\\/image\\\/\"},\"sameAs\":[\"https:\\\/\\\/linkedin.com\\\/in\\\/automotiverevista\"]}]}<\/script>\n<!-- \/ Yoast SEO Premium plugin. -->","yoast_head_json":{"title":"Ficha T\u00e9cnica - Revista Automotive","robots":{"index":"index","follow":"follow","max-snippet":"max-snippet:-1","max-image-preview":"max-image-preview:large","max-video-preview":"max-video-preview:-1"},"canonical":"https:\/\/automotiverevista.pt\/index.php\/ficha-tecnica\/","og_locale":"pt_PT","og_type":"article","og_title":"Ficha T\u00e9cnica","og_description":"Revista Automotive Portugal Tiragem: 10.000 exemplares | Pre\u00e7o: 3,85\u20ac | Periodicidade: Mensal N\u00ba registo na ERC: 126335 | Dep\u00f3stio Legal: 357202\/13 | ISSN: 2183-2641 Diretor da Revista: Eduardo Gaspar &#8211; egaspar(a)automotivept.com Diretor Comercial\/Publicidade: Ricardo Miranda &#8211; rmiranda(a)automotivept.com Morada da Reda\u00e7\u00e3o: Lagoas Park, Edif\u00edcio 7 &#8211; 1\u00ba piso, 2740-244 Porto Salvo &#8211; Oeiras &#8211; Portugal Telf: [&hellip;]","og_url":"https:\/\/automotiverevista.pt\/index.php\/ficha-tecnica\/","og_site_name":"Revista Automotive","article_modified_time":"2026-02-14T18:59:07+00:00","twitter_card":"summary_large_image","twitter_misc":{"Tempo estimado de leitura":"1 minuto"},"schema":{"@context":"https:\/\/schema.org","@graph":[{"@type":"WebPage","@id":"https:\/\/automotiverevista.pt\/index.php\/ficha-tecnica\/","url":"https:\/\/automotiverevista.pt\/index.php\/ficha-tecnica\/","name":"Ficha T\u00e9cnica - Revista Automotive","isPartOf":{"@id":"https:\/\/automotiverevista.pt\/#website"},"datePublished":"2022-07-11T17:37:01+00:00","dateModified":"2026-02-14T18:59:07+00:00","breadcrumb":{"@id":"https:\/\/automotiverevista.pt\/index.php\/ficha-tecnica\/#breadcrumb"},"inLanguage":"pt-PT","potentialAction":[{"@type":"ReadAction","target":["https:\/\/automotiverevista.pt\/index.php\/ficha-tecnica\/"]}]},{"@type":"BreadcrumbList","@id":"https:\/\/automotiverevista.pt\/index.php\/ficha-tecnica\/#breadcrumb","itemListElement":[{"@type":"ListItem","position":1,"name":"Home","item":"https:\/\/automotiverevista.pt\/"},{"@type":"ListItem","position":2,"name":"Ficha T\u00e9cnica"}]},{"@type":"WebSite","@id":"https:\/\/automotiverevista.pt\/#website","url":"https:\/\/automotiverevista.pt\/","name":"Revista Automotive","description":"Revista Automotive Portugal","publisher":{"@id":"https:\/\/automotiverevista.pt\/#organization"},"potentialAction":[{"@type":"SearchAction","target":{"@type":"EntryPoint","urlTemplate":"https:\/\/automotiverevista.pt\/?s={search_term_string}"},"query-input":{"@type":"PropertyValueSpecification","valueRequired":true,"valueName":"search_term_string"}}],"inLanguage":"pt-PT"},{"@type":"Organization","@id":"https:\/\/automotiverevista.pt\/#organization","name":"Revista Automotive Portugal","url":"https:\/\/automotiverevista.pt\/","logo":{"@type":"ImageObject","inLanguage":"pt-PT","@id":"https:\/\/automotiverevista.pt\/#\/schema\/logo\/image\/","url":"https:\/\/automotiverevista.pt\/wp-content\/uploads\/2022\/07\/Logo-Automotive-2021_500-1.jpg","contentUrl":"https:\/\/automotiverevista.pt\/wp-content\/uploads\/2022\/07\/Logo-Automotive-2021_500-1.jpg","width":500,"height":160,"caption":"Revista Automotive Portugal"},"image":{"@id":"https:\/\/automotiverevista.pt\/#\/schema\/logo\/image\/"},"sameAs":["https:\/\/linkedin.com\/in\/automotiverevista"]}]}},"_links":{"self":[{"href":"https:\/\/automotiverevista.pt\/index.php\/wp-json\/wp\/v2\/pages\/397","targetHints":{"allow":["GET"]}}],"collection":[{"href":"https:\/\/automotiverevista.pt\/index.php\/wp-json\/wp\/v2\/pages"}],"about":[{"href":"https:\/\/automotiverevista.pt\/index.php\/wp-json\/wp\/v2\/types\/page"}],"author":[{"embeddable":true,"href":"https:\/\/automotiverevista.pt\/index.php\/wp-json\/wp\/v2\/users\/1"}],"replies":[{"embeddable":true,"href":"https:\/\/automotiverevista.pt\/index.php\/wp-json\/wp\/v2\/comments?post=397"}],"version-history":[{"count":6,"href":"https:\/\/automotiverevista.pt\/index.php\/wp-json\/wp\/v2\/pages\/397\/revisions"}],"predecessor-version":[{"id":12428,"href":"https:\/\/automotiverevista.pt\/index.php\/wp-json\/wp\/v2\/pages\/397\/revisions\/12428"}],"wp:attachment":[{"href":"https:\/\/automotiverevista.pt\/index.php\/wp-json\/wp\/v2\/media?parent=397"}],"curies":[{"name":"wp","href":"https:\/\/api.w.org\/{rel}","templated":true}]}}